{"id":133,"date":"2018-05-23T19:47:09","date_gmt":"2018-05-23T17:47:09","guid":{"rendered":"http:\/\/fontsoft.eu\/?page_id=133"},"modified":"2018-06-19T08:29:12","modified_gmt":"2018-06-19T06:29:12","slug":"politique-de-confidentialite","status":"publish","type":"page","link":"https:\/\/fontsoft.eu\/?page_id=133","title":{"rendered":"Politique de confidentialit\u00e9"},"content":{"rendered":"<p class=\"block-protect block-protect__title\"><strong>Engagement sur la confidentialit\u00e9 de vos donn\u00e9es personnelles<\/strong><\/p>\n<p class=\"block-feedback block-feedback__security-questions\">FontSoft recueille le moins d&rsquo;informations possible sur vous. Afin de pouvoir livrer votre commande, garantir la s\u00e9curit\u00e9 de vos donn\u00e9es ou r\u00e9colter votre avis sur des pages sp\u00e9cifiques, il peut n\u00e9anmoins arriver que nous ayons besoin de certaines informations personnelles. FontSoft traite vos donn\u00e9es personnelles avec soin et s&rsquo;assure que votre vie priv\u00e9e est prot\u00e9g\u00e9e. Voici nos trois engagements en ce qui concerne la confidentialit\u00e9 de vos donn\u00e9es personnelles<\/p>\n<p class=\"block-protect block-protect__icon-title\"><strong>Un usage restreint au maximum<\/strong><\/p>\n<p class=\"block-protect block-protect__text\">Nous ne partageons jamais vos donn\u00e9es personnelles avec des tiers.<\/p>\n<p class=\"block-protect block-protect__icon-title\"><strong>Un traitement responsable<\/strong><\/p>\n<p class=\"block-protect__text\">Nous prot\u00e9geons et traitons vos informations personnelles comme si elles \u00e9taient les n\u00f4tres.<\/p>\n<p class=\"block-protect block-protect__icon-title\"><strong>Une utilisation transparente<\/strong><\/p>\n<p class=\"block-protect block-protect__text\">Nous utilisons vos informations personnelles uniquement \u00e0 des fins de d\u00e9veloppement sp\u00e9cifique issue de votre demande<\/p>\n","protected":false},"excerpt":{"rendered":"<p>Engagement sur la confidentialit\u00e9 de vos donn\u00e9es personnelles FontSoft recueille le moins d&rsquo;informations possible sur vous. Afin de pouvoir livrer votre commande, garantir la s\u00e9curit\u00e9 de vos donn\u00e9es ou r\u00e9colter votre avis sur des pages sp\u00e9cifiques, il peut n\u00e9anmoins arriver que nous ayons besoin de certaines informations personnelles. FontSoft traite vos donn\u00e9es personnelles avec soin [&hellip;]<\/p>\n","protected":false},"author":1,"featured_media":0,"parent":0,"menu_order":0,"comment_status":"closed","ping_status":"closed","template":"","meta":{"spay_email":""},"jetpack_sharing_enabled":true,"jetpack_shortlink":"https:\/\/wp.me\/P9FRYw-29","_links":{"self":[{"href":"https:\/\/fontsoft.eu\/index.php?rest_route=\/wp\/v2\/pages\/133"}],"collection":[{"href":"https:\/\/fontsoft.eu\/index.php?rest_route=\/wp\/v2\/pages"}],"about":[{"href":"https:\/\/fontsoft.eu\/index.php?rest_route=\/wp\/v2\/types\/page"}],"author":[{"embeddable":true,"href":"https:\/\/fontsoft.eu\/index.php?rest_route=\/wp\/v2\/users\/1"}],"replies":[{"embeddable":true,"href":"https:\/\/fontsoft.eu\/index.php?rest_route=%2Fwp%2Fv2%2Fcomments&post=133"}],"version-history":[{"count":10,"href":"https:\/\/fontsoft.eu\/index.php?rest_route=\/wp\/v2\/pages\/133\/revisions"}],"predecessor-version":[{"id":163,"href":"https:\/\/fontsoft.eu\/index.php?rest_route=\/wp\/v2\/pages\/133\/revisions\/163"}],"wp:attachment":[{"href":"https:\/\/fontsoft.eu\/index.php?rest_route=%2Fwp%2Fv2%2Fmedia&parent=133"}],"curies":[{"name":"wp","href":"https:\/\/api.w.org\/{rel}","templated":true}]}}