{"id":7,"date":"2018-01-30T13:53:57","date_gmt":"2018-01-30T12:53:57","guid":{"rendered":"http:\/\/fontsoft.eu\/wp\/?page_id=7"},"modified":"2024-11-20T10:58:21","modified_gmt":"2024-11-20T09:58:21","slug":"accueil","status":"publish","type":"page","link":"https:\/\/fontsoft.eu\/?page_id=7","title":{"rendered":"Accueil"},"content":{"rendered":"<h2>Logiciels de gestion<\/h2>\n<p>Le bon d\u00e9roulement de votre activit\u00e9 passe par le choix d\u2019un logiciel de gestion adapt\u00e9 \u00e0 vos besoins !<\/p>\n<p>Nous pouvons vous fournir un logiciel sur mesure vous permettant une gestion simplifi\u00e9e de votre activit\u00e9<\/p>\n<h3>FontSoft (c) 2006-2025<\/h3>\n","protected":false},"excerpt":{"rendered":"<p>Logiciels de gestion Le bon d\u00e9roulement de votre activit\u00e9 passe par le choix d\u2019un logiciel de gestion adapt\u00e9 \u00e0 vos besoins ! Nous pouvons vous fournir un logiciel sur mesure vous permettant une gestion simplifi\u00e9e de votre activit\u00e9 FontSoft (c) 2006-2025<\/p>\n","protected":false},"author":1,"featured_media":0,"parent":0,"menu_order":0,"comment_status":"closed","ping_status":"closed","template":"","meta":{"spay_email":""},"jetpack_sharing_enabled":true,"jetpack_shortlink":"https:\/\/wp.me\/P9FRYw-7","_links":{"self":[{"href":"https:\/\/fontsoft.eu\/index.php?rest_route=\/wp\/v2\/pages\/7"}],"collection":[{"href":"https:\/\/fontsoft.eu\/index.php?rest_route=\/wp\/v2\/pages"}],"about":[{"href":"https:\/\/fontsoft.eu\/index.php?rest_route=\/wp\/v2\/types\/page"}],"author":[{"embeddable":true,"href":"https:\/\/fontsoft.eu\/index.php?rest_route=\/wp\/v2\/users\/1"}],"replies":[{"embeddable":true,"href":"https:\/\/fontsoft.eu\/index.php?rest_route=%2Fwp%2Fv2%2Fcomments&post=7"}],"version-history":[{"count":14,"href":"https:\/\/fontsoft.eu\/index.php?rest_route=\/wp\/v2\/pages\/7\/revisions"}],"predecessor-version":[{"id":4367,"href":"https:\/\/fontsoft.eu\/index.php?rest_route=\/wp\/v2\/pages\/7\/revisions\/4367"}],"wp:attachment":[{"href":"https:\/\/fontsoft.eu\/index.php?rest_route=%2Fwp%2Fv2%2Fmedia&parent=7"}],"curies":[{"name":"wp","href":"https:\/\/api.w.org\/{rel}","templated":true}]}}